{"id":2,"date":"2018-10-22T18:02:54","date_gmt":"2018-10-22T16:02:54","guid":{"rendered":"http:\/\/tableaux-galerie.com\/?page_id=2"},"modified":"2024-05-14T20:21:41","modified_gmt":"2024-05-14T18:21:41","slug":"tableaux-et-galerie","status":"publish","type":"page","link":"https:\/\/tableaux-galerie.com\/?page_id=2","title":{"rendered":"Tableaux et Galerie"},"content":{"rendered":"<h1>\u00ab\u00a0Tableaux et Galerie\u00a0\u00bb est un site d\u00e9di\u00e9 \u00e0 Armelle Pruniaux &#8211; Artiste Peintre<\/h1>\n<blockquote><p>Armelle dirige son propre atelier depuis 2006 o\u00f9 elle produit ses propres \u0153uvres avec une grande maitrise des techniques classiques.<\/p>\n<p><img loading=\"lazy\" decoding=\"async\" class=\"size-medium wp-image-290 alignleft\" src=\"http:\/\/tableaux-galerie.com\/wp-content\/uploads\/2024\/05\/ARMELLE-PRUNIAUX-3995-200x300.jpg\" alt=\"\" width=\"200\" height=\"300\" srcset=\"https:\/\/tableaux-galerie.com\/wp-content\/uploads\/2024\/05\/ARMELLE-PRUNIAUX-3995-200x300.jpg 200w, https:\/\/tableaux-galerie.com\/wp-content\/uploads\/2024\/05\/ARMELLE-PRUNIAUX-3995-683x1024.jpg 683w, https:\/\/tableaux-galerie.com\/wp-content\/uploads\/2024\/05\/ARMELLE-PRUNIAUX-3995-768x1152.jpg 768w, https:\/\/tableaux-galerie.com\/wp-content\/uploads\/2024\/05\/ARMELLE-PRUNIAUX-3995-1024x1536.jpg 1024w, https:\/\/tableaux-galerie.com\/wp-content\/uploads\/2024\/05\/ARMELLE-PRUNIAUX-3995.jpg 1280w\" sizes=\"(max-width: 200px) 100vw, 200px\" \/>Armelle y enseigne aussi le dessin et la peinture (voir <a href=\"http:\/\/cours-de-dessin.biz\">http:\/\/cours-de-dessin.biz<\/a>)<\/p>\n<p>Elle est tr\u00e8s fi\u00e8re de vous pr\u00e9senter ses derni\u00e8res cr\u00e9ations dans les galeries de ce site.<\/p>\n<p>Elle consid\u00e8re injecter dans chacune de ses \u0153uvres une dose d&rsquo;\u00e9nergie et d&rsquo;\u00e9motion qu&rsquo;elle vous invite \u00e0 partager, et \u00e0 utiliser pour \u00e9gayer vos murs .<\/p>\n<p>&nbsp;<\/p>\n<p><img loading=\"lazy\" decoding=\"async\" class=\"alignnone wp-image-323\" src=\"http:\/\/tableaux-galerie.com\/wp-content\/uploads\/2024\/05\/facebook.png\" alt=\"\" width=\"32\" height=\"32\" \/>\u00a0<a href=\"https:\/\/www.facebook.com\/ArmellePruniauxPeintre\/\">www.facebook.com\/ArmellePruniauxPeintre\/<\/a><\/p>\n<p><img loading=\"lazy\" decoding=\"async\" class=\"alignnone  wp-image-322\" src=\"http:\/\/tableaux-galerie.com\/wp-content\/uploads\/2024\/05\/Instagram.png\" alt=\"\" width=\"32\" height=\"32\" \/>\u00a0<a href=\"https:\/\/www.instagram.com\/armellepruniaux_\/\">www.instagram.com\/armellepruniaux_\/<\/a><\/p><\/blockquote>\n","protected":false},"excerpt":{"rendered":"<p>\u00ab\u00a0Tableaux et Galerie\u00a0\u00bb est un site d\u00e9di\u00e9 \u00e0 Armelle Pruniaux &#8211; Artiste Peintre Armelle dirige son propre atelier depuis 2006 o\u00f9 elle produit ses propres \u0153uvres avec une grande maitrise des techniques classiques. Armelle y enseigne aussi le dessin et la peinture (voir http:\/\/cours-de-dessin.biz) Elle est tr\u00e8s fi\u00e8re de vous pr\u00e9senter ses derni\u00e8res cr\u00e9ations dans &hellip; <\/p>\n<p class=\"link-more\"><a href=\"https:\/\/tableaux-galerie.com\/?page_id=2\" class=\"more-link\">Continuer la lecture<span class=\"screen-reader-text\"> de &laquo;&nbsp;Tableaux et Galerie&nbsp;&raquo;<\/span><\/a><\/p>\n","protected":false},"author":1,"featured_media":0,"parent":0,"menu_order":0,"comment_status":"closed","ping_status":"open","template":"","meta":{"footnotes":""},"_links":{"self":[{"href":"https:\/\/tableaux-galerie.com\/index.php?rest_route=\/wp\/v2\/pages\/2"}],"collection":[{"href":"https:\/\/tableaux-galerie.com\/index.php?rest_route=\/wp\/v2\/pages"}],"about":[{"href":"https:\/\/tableaux-galerie.com\/index.php?rest_route=\/wp\/v2\/types\/page"}],"author":[{"embeddable":true,"href":"https:\/\/tableaux-galerie.com\/index.php?rest_route=\/wp\/v2\/users\/1"}],"replies":[{"embeddable":true,"href":"https:\/\/tableaux-galerie.com\/index.php?rest_route=%2Fwp%2Fv2%2Fcomments&post=2"}],"version-history":[{"count":40,"href":"https:\/\/tableaux-galerie.com\/index.php?rest_route=\/wp\/v2\/pages\/2\/revisions"}],"predecessor-version":[{"id":330,"href":"https:\/\/tableaux-galerie.com\/index.php?rest_route=\/wp\/v2\/pages\/2\/revisions\/330"}],"wp:attachment":[{"href":"https:\/\/tableaux-galerie.com\/index.php?rest_route=%2Fwp%2Fv2%2Fmedia&parent=2"}],"curies":[{"name":"wp","href":"https:\/\/api.w.org\/{rel}","templated":true}]}}